{"id":8,"date":"2016-02-10T19:47:11","date_gmt":"2016-02-10T19:47:11","guid":{"rendered":"http:\/\/asianitbd.com\/wp\/gardencare\/?page_id=8"},"modified":"2020-03-24T17:26:40","modified_gmt":"2020-03-24T17:26:40","slug":"home","status":"publish","type":"page","link":"http:\/\/centrumogrodow.com.pl\/","title":{"rendered":"Home"},"content":{"rendered":"<p>[vc_row el_class=&#8221;gardener-banner rev_slider_wrapper&#8221;][vc_column][rev_slider_vc alias=&#8221;home&#8221;][\/vc_column][\/vc_row][vc_row][vc_column]<!-- #promotional-text -->\n<section id=\"promotional-text\" class=\"gardener\">\n    <div class=\"container\">\n        <div class=\"row\">\n            <div class=\"col-lg-12 col-md-12\">\n                <p>Sprawd\u017a nasz\u0105 list\u0119 us\u0142ug i uzyskaj wycen\u0119<\/p>\n                <a class=\"contact-button\" href=\"\/?page_id=28\">\n                    <div class=\"contact-us-button\">Kontakt<\/div>\n                    <i class=\"fa fa-arrow-circle-right\"><\/i>\n                <\/a>\n            <\/div>\n        <\/div>\n    <\/div>\n<\/section> \n<!-- \/#promotional-text -->\n[\/vc_column][\/vc_row][vc_row][vc_column][\/vc_column][\/vc_row][vc_row][vc_column]<section id=\"great-gardener-team\" style=\"background-image:url('http:\/\/centrumogrodow.com.pl\/wp-content\/uploads\/2016\/02\/great-gardener-team-bg.jpg')\">\r\n    <div class=\"container\">\r\n        <div class=\"row\">\r\n            <div class=\"col-md-8 pull-right has-skew\">\r\n                <h2>PROJEKTOWANIE &amp; PIEL\u0118GNACJA OGROD\u00d3W<\/h2>\r\n                <p> Zadzwo\u0144 do nas!<\/p>\r\n                <p class=\"has-btn\"><b><\/b><span>or<\/span>\r\n                <\/p>\r\n                <a class=\"contact-button\" href=\"\/?page_id=28\">\r\n                    <div class=\"contact-us-button\">Kontakt<\/div>\r\n                    <i class=\"fa fa-arrow-circle-right\"><\/i>\r\n                <\/a>\r\n            <\/div>\r\n        <\/div>\r\n    <\/div>\r\n<\/section>\r\n\r\n[\/vc_column][\/vc_row]<\/p>\n","protected":false},"excerpt":{"rendered":"<p>[vc_row el_class=&#8221;gardener-banner rev_slider_wrapper&#8221;][vc_column][rev_slider_vc alias=&#8221;home&#8221;][\/vc_column][\/vc_row][vc_row][vc_column][\/vc_column][\/vc_row][vc_row][vc_column][\/vc_column][\/vc_row][vc_row][vc_column][\/vc_column][\/vc_row]<\/p>\n","protected":false},"author":1,"featured_media":0,"parent":0,"menu_order":0,"comment_status":"closed","ping_status":"closed","template":"tpl-visual_composer.php","meta":{"footnotes":""},"class_list":["post-8","page","type-page","status-publish","hentry"],"_links":{"self":[{"href":"http:\/\/centrumogrodow.com.pl\/index.php?rest_route=\/wp\/v2\/pages\/8","targetHints":{"allow":["GET"]}}],"collection":[{"href":"http:\/\/centrumogrodow.com.pl\/index.php?rest_route=\/wp\/v2\/pages"}],"about":[{"href":"http:\/\/centrumogrodow.com.pl\/index.php?rest_route=\/wp\/v2\/types\/page"}],"author":[{"embeddable":true,"href":"http:\/\/centrumogrodow.com.pl\/index.php?rest_route=\/wp\/v2\/users\/1"}],"replies":[{"embeddable":true,"href":"http:\/\/centrumogrodow.com.pl\/index.php?rest_route=%2Fwp%2Fv2%2Fcomments&post=8"}],"version-history":[{"count":11,"href":"http:\/\/centrumogrodow.com.pl\/index.php?rest_route=\/wp\/v2\/pages\/8\/revisions"}],"predecessor-version":[{"id":1288,"href":"http:\/\/centrumogrodow.com.pl\/index.php?rest_route=\/wp\/v2\/pages\/8\/revisions\/1288"}],"wp:attachment":[{"href":"http:\/\/centrumogrodow.com.pl\/index.php?rest_route=%2Fwp%2Fv2%2Fmedia&parent=8"}],"curies":[{"name":"wp","href":"https:\/\/api.w.org\/{rel}","templated":true}]}}